{"id":120,"date":"2017-05-15T10:33:24","date_gmt":"2017-05-15T08:33:24","guid":{"rendered":"http:\/\/www.vivaterr.bzh\/rance-emeraude\/?page_id=120"},"modified":"2018-06-13T20:17:43","modified_gmt":"2018-06-13T18:17:43","slug":"accueil","status":"publish","type":"page","link":"http:\/\/www.vivaterr.bzh\/rance-emeraude\/","title":{"rendered":"ViVaTerr, la marque de l&rsquo;\u00e9conomie vivante"},"content":{"rendered":"<p><img decoding=\"async\" loading=\"lazy\" class=\"size-medium wp-image-296 aligncenter\" src=\"http:\/\/www.vivaterr.bzh\/rance-emeraude\/wp-content\/uploads\/2017\/05\/Pollinisateur-300x201.jpg\" alt=\"\" width=\"300\" height=\"201\" srcset=\"http:\/\/www.vivaterr.bzh\/rance-emeraude\/wp-content\/uploads\/2017\/05\/Pollinisateur.jpg 300w, http:\/\/www.vivaterr.bzh\/rance-emeraude\/wp-content\/uploads\/2017\/05\/Pollinisateur-150x101.jpg 150w\" sizes=\"(max-width: 300px) 100vw, 300px\" \/><\/p>\n<p>Depuis toujours, l\u2019\u00eatre humain a d\u00e9velopp\u00e9 son \u00e9conomie en b\u00e9n\u00e9ficiant de la <strong>richesse des syst\u00e8mes vivants<\/strong> qui lui assurent sa s\u00e9curit\u00e9 et son bien-\u00eatre. Pourtant, l\u2019\u00e9conomie moderne s\u2019en est peu \u00e0 peu \u00e9loign\u00e9e et a privil\u00e9gi\u00e9 un syst\u00e8me dont la finalit\u00e9 est l\u2019individualisme au d\u00e9triment du Bien commun : c\u2019est l\u2019\u00e9conomie financi\u00e8re dont le moteur est la maximisation du profit personnel. Nous constatons simplement que nous sommes au bout de cette exp\u00e9rience. En effet, bien que ce mod\u00e8le ait apport\u00e9 une certaine prosp\u00e9rit\u00e9 \u00e0 une partie de l\u2019humanit\u00e9, il est maintenant dans une impasse, car il ne peut plus r\u00e9soudre les probl\u00e8mes qu\u2019il engendre.<br \/>\n<strong>L\u2019\u00e9conomie vivante propose une voie d\u2019avenir<\/strong> afin de poursuivre le progr\u00e8s en associant nos technologies et notre industrie avec les syst\u00e8mes vivants. Recommen\u00e7ons \u00e0 observer la vie pour la comprendre, nous en inspirer, innover et surtout nous int\u00e9grer dans son fonctionnement. Les principes sont constants depuis des milliards d\u2019ann\u00e9es : <strong>coop\u00e9rer dans la diversit\u00e9<\/strong> pour garantir la cr\u00e9ativit\u00e9, l\u2019efficacit\u00e9 et la capacit\u00e9 d\u2019adaptation. L\u2019objectif est bien \u00e9conomique : retrouver une nouvelle voie de cr\u00e9ation de valeurs.<\/p>\n<p><img decoding=\"async\" loading=\"lazy\" class=\"size-medium wp-image-300 aligncenter\" src=\"http:\/\/www.vivaterr.bzh\/rance-emeraude\/wp-content\/uploads\/2017\/05\/65-300x225.jpg\" alt=\"\" width=\"300\" height=\"225\" srcset=\"http:\/\/www.vivaterr.bzh\/rance-emeraude\/wp-content\/uploads\/2017\/05\/65-300x225.jpg 300w, http:\/\/www.vivaterr.bzh\/rance-emeraude\/wp-content\/uploads\/2017\/05\/65-768x576.jpg 768w, http:\/\/www.vivaterr.bzh\/rance-emeraude\/wp-content\/uploads\/2017\/05\/65-1024x768.jpg 1024w, http:\/\/www.vivaterr.bzh\/rance-emeraude\/wp-content\/uploads\/2017\/05\/65-150x113.jpg 150w, http:\/\/www.vivaterr.bzh\/rance-emeraude\/wp-content\/uploads\/2017\/05\/65.jpg 1500w\" sizes=\"(max-width: 300px) 100vw, 300px\" \/><\/p>\n<h3><strong>ViVaTerr est la marque de l&rsquo;\u00e9conomie vivante ! <\/strong>Une \u00e9conomie au service de l&rsquo;homme, de la vie, du bien commun.<strong><br \/>\n<\/strong><\/h3>\n<p><a href=\"http:\/\/www.vivaterr.bzh\/rance-emeraude\/le-projet-ble-noir\/leconomie-vivante\/\">D\u00e9finition de l&rsquo;\u00e9conomie vivante<\/a><\/p>\n<p><a href=\"http:\/\/www.vivaterr.bzh\/rance-emeraude\/la-demarche-vivaterr\/\">ViVaTerr, une d\u00e9marche agri-\u00e9cologique<\/a><\/p>\n","protected":false},"excerpt":{"rendered":"<p>Depuis toujours, l\u2019\u00eatre humain a d\u00e9velopp\u00e9 son \u00e9conomie en b\u00e9n\u00e9ficiant de la richesse des syst\u00e8mes vivants qui lui assurent sa s\u00e9curit\u00e9 et son bien-\u00eatre. Pourtant, l\u2019\u00e9conomie moderne s\u2019en est peu \u00e0 peu \u00e9loign\u00e9e et a privil\u00e9gi\u00e9 un syst\u00e8me dont la finalit\u00e9 est l\u2019individualisme au d\u00e9triment du Bien commun : c\u2019est\u2026<\/p>\n<p> <a class=\"continue-reading-link\" href=\"http:\/\/www.vivaterr.bzh\/rance-emeraude\/\"><span>Continue reading<\/span><i class=\"crycon-right-dir\"><\/i><\/a> <\/p>\n","protected":false},"author":3,"featured_media":0,"parent":0,"menu_order":0,"comment_status":"closed","ping_status":"closed","template":"","meta":[],"_links":{"self":[{"href":"http:\/\/www.vivaterr.bzh\/rance-emeraude\/wp-json\/wp\/v2\/pages\/120"}],"collection":[{"href":"http:\/\/www.vivaterr.bzh\/rance-emeraude\/wp-json\/wp\/v2\/pages"}],"about":[{"href":"http:\/\/www.vivaterr.bzh\/rance-emeraude\/wp-json\/wp\/v2\/types\/page"}],"author":[{"embeddable":true,"href":"http:\/\/www.vivaterr.bzh\/rance-emeraude\/wp-json\/wp\/v2\/users\/3"}],"replies":[{"embeddable":true,"href":"http:\/\/www.vivaterr.bzh\/rance-emeraude\/wp-json\/wp\/v2\/comments?post=120"}],"version-history":[{"count":16,"href":"http:\/\/www.vivaterr.bzh\/rance-emeraude\/wp-json\/wp\/v2\/pages\/120\/revisions"}],"predecessor-version":[{"id":309,"href":"http:\/\/www.vivaterr.bzh\/rance-emeraude\/wp-json\/wp\/v2\/pages\/120\/revisions\/309"}],"wp:attachment":[{"href":"http:\/\/www.vivaterr.bzh\/rance-emeraude\/wp-json\/wp\/v2\/media?parent=120"}],"curies":[{"name":"wp","href":"https:\/\/api.w.org\/{rel}","templated":true}]}}