{"id":32,"date":"2017-05-11T11:24:39","date_gmt":"2017-05-11T09:24:39","guid":{"rendered":"http:\/\/www.vivaterr.bzh\/rance-emeraude\/?page_id=32"},"modified":"2018-06-13T20:17:42","modified_gmt":"2018-06-13T18:17:42","slug":"la-demarche-vivaterr","status":"publish","type":"page","link":"http:\/\/www.vivaterr.bzh\/rance-emeraude\/la-demarche-vivaterr\/","title":{"rendered":"Vivaterr"},"content":{"rendered":"<p>ViVaTerr, pour Vie, Valeurs et Territoires, est une marque d\u2019<strong>agri-\u00e9cologie<\/strong>.\u00a0Elle a pour objet la reconnaissance de produits et services compatibles avec la dynamique et les \u00e9quilibres des syst\u00e8mes vivants des territoires. Elle permet ainsi d\u2019<strong>int\u00e9grer les activit\u00e9s humaines<\/strong>, en particulier agricoles, <strong>dans le fonctionnement des \u00e9cosyst\u00e8mes du territoire<\/strong>. ViVaTerr n\u2019est pas un label, mais un ensemble de m\u00e9thodes garanties par des experts ind\u00e9pendants.<img decoding=\"async\" loading=\"lazy\" class=\"size-medium wp-image-281 alignright\" src=\"http:\/\/www.vivaterr.bzh\/rance-emeraude\/wp-content\/uploads\/2017\/05\/Rance-Emeraude-vue-du-ciel-google-earth-300x214.png\" alt=\"\" width=\"300\" height=\"214\" srcset=\"http:\/\/www.vivaterr.bzh\/rance-emeraude\/wp-content\/uploads\/2017\/05\/Rance-Emeraude-vue-du-ciel-google-earth-300x214.png 300w, http:\/\/www.vivaterr.bzh\/rance-emeraude\/wp-content\/uploads\/2017\/05\/Rance-Emeraude-vue-du-ciel-google-earth-150x107.png 150w, http:\/\/www.vivaterr.bzh\/rance-emeraude\/wp-content\/uploads\/2017\/05\/Rance-Emeraude-vue-du-ciel-google-earth.png 737w\" sizes=\"(max-width: 300px) 100vw, 300px\" \/><\/p>\n<p>L\u2019un des objectifs de ViVaTerr est la mise en place de <strong>circuits efficaces<\/strong>. La notion de \u00ab\u00a0circuits efficaces\u00a0\u00bb veut aller plus loin que celle de \u00ab\u2009circuits courts\u2009\u00bb. L\u2019objectif est l\u2019optimisation de tous les co\u00fbts, qu\u2019ils soient \u00e9conomiques, \u00e9cologiques ou humains, en s\u2019inspirant des comportements des \u00eatres vivants. Les circuits efficaces ont pour objectif une relation quadripartite \u00ab\u2009gagnant-gagnant-gagnant-gagnant\u2009\u00bb pour le producteur, le transformateur, le consommateur et le territoire.<\/p>\n<p>ViVaTerr est d\u00e9velopp\u00e9e depuis 2008 par les entreprises Ter-Qualitechs et Reizhan. Le projet ViVaTerr Rance Emeraude permet de la tester \u00e0 grande \u00e9chelle. L\u2019objectif est d\u2019aboutir \u00e0 la cr\u00e9ation d\u2019une <strong>marque de territoire<\/strong> \u00ab\u00a0<strong>ViVaTerr Rance Emeraude<\/strong>\u00bb, permettant la reconnaissance de produits (ou de services) respectueux de la biodiversit\u00e9, des paysages, de l\u2019histoire, ainsi que des hommes et des femmes et qui assurent gr\u00e2ce \u00e0 leur production et leur transformation une qualit\u00e9 de vie et un bien-\u00eatre pour ses habitants. La marque sera compos\u00e9e de 2 \u00e9l\u00e9ments \u00ab\u00a0la marque ombrelle\u00a0\u00bb qui traduit la d\u00e9marche \u00e9cosyst\u00e9mique et \u00ab\u00a0l&#8217;empreinte territoriale\u00a0\u00bb qui la lie au territoire d&rsquo;application.<\/p>\n","protected":false},"excerpt":{"rendered":"<p>ViVaTerr, pour Vie, Valeurs et Territoires, est une marque d\u2019agri-\u00e9cologie.\u00a0Elle a pour objet la reconnaissance de produits et services compatibles avec la dynamique et les \u00e9quilibres des syst\u00e8mes vivants des territoires. Elle permet ainsi d\u2019int\u00e9grer les activit\u00e9s humaines, en particulier agricoles, dans le fonctionnement des \u00e9cosyst\u00e8mes du territoire. ViVaTerr n\u2019est\u2026<\/p>\n<p> <a class=\"continue-reading-link\" href=\"http:\/\/www.vivaterr.bzh\/rance-emeraude\/la-demarche-vivaterr\/\"><span>Continue reading<\/span><i class=\"crycon-right-dir\"><\/i><\/a> <\/p>\n","protected":false},"author":3,"featured_media":0,"parent":0,"menu_order":0,"comment_status":"closed","ping_status":"closed","template":"","meta":[],"_links":{"self":[{"href":"http:\/\/www.vivaterr.bzh\/rance-emeraude\/wp-json\/wp\/v2\/pages\/32"}],"collection":[{"href":"http:\/\/www.vivaterr.bzh\/rance-emeraude\/wp-json\/wp\/v2\/pages"}],"about":[{"href":"http:\/\/www.vivaterr.bzh\/rance-emeraude\/wp-json\/wp\/v2\/types\/page"}],"author":[{"embeddable":true,"href":"http:\/\/www.vivaterr.bzh\/rance-emeraude\/wp-json\/wp\/v2\/users\/3"}],"replies":[{"embeddable":true,"href":"http:\/\/www.vivaterr.bzh\/rance-emeraude\/wp-json\/wp\/v2\/comments?post=32"}],"version-history":[{"count":11,"href":"http:\/\/www.vivaterr.bzh\/rance-emeraude\/wp-json\/wp\/v2\/pages\/32\/revisions"}],"predecessor-version":[{"id":322,"href":"http:\/\/www.vivaterr.bzh\/rance-emeraude\/wp-json\/wp\/v2\/pages\/32\/revisions\/322"}],"wp:attachment":[{"href":"http:\/\/www.vivaterr.bzh\/rance-emeraude\/wp-json\/wp\/v2\/media?parent=32"}],"curies":[{"name":"wp","href":"https:\/\/api.w.org\/{rel}","templated":true}]}}