{"id":34,"date":"2017-05-11T11:24:39","date_gmt":"2017-05-11T09:24:39","guid":{"rendered":"http:\/\/www.vivaterr.bzh\/rance-emeraude\/?page_id=34"},"modified":"2018-06-13T20:16:39","modified_gmt":"2018-06-13T18:16:39","slug":"participer-au-projet","status":"publish","type":"page","link":"http:\/\/www.vivaterr.bzh\/rance-emeraude\/participer-au-projet\/","title":{"rendered":"Nous rejoindre"},"content":{"rendered":"<p>Vous \u00eates agriculteur, apiculteur, transformateur de bl\u00e9 noir, ou citoyen int\u00e9ress\u00e9 par le dynamisme de votre territoire ?<\/p>\n<p>Vous vous reconnaissez dans les valeurs port\u00e9es par l&rsquo;association ViVaTerr ?<\/p>\n<p>Contactez-nous : ble-noir@vivaterr.org<\/p>\n","protected":false},"excerpt":{"rendered":"<p>Vous \u00eates agriculteur, apiculteur, transformateur de bl\u00e9 noir, ou citoyen int\u00e9ress\u00e9 par le dynamisme de votre territoire ? Vous vous reconnaissez dans les valeurs port\u00e9es par l&rsquo;association ViVaTerr ? Contactez-nous : ble-noir@vivaterr.org<\/p>\n<p> <a class=\"continue-reading-link\" href=\"http:\/\/www.vivaterr.bzh\/rance-emeraude\/participer-au-projet\/\"><span>Continue reading<\/span><i class=\"crycon-right-dir\"><\/i><\/a> <\/p>\n","protected":false},"author":3,"featured_media":0,"parent":0,"menu_order":0,"comment_status":"closed","ping_status":"closed","template":"","meta":[],"_links":{"self":[{"href":"http:\/\/www.vivaterr.bzh\/rance-emeraude\/wp-json\/wp\/v2\/pages\/34"}],"collection":[{"href":"http:\/\/www.vivaterr.bzh\/rance-emeraude\/wp-json\/wp\/v2\/pages"}],"about":[{"href":"http:\/\/www.vivaterr.bzh\/rance-emeraude\/wp-json\/wp\/v2\/types\/page"}],"author":[{"embeddable":true,"href":"http:\/\/www.vivaterr.bzh\/rance-emeraude\/wp-json\/wp\/v2\/users\/3"}],"replies":[{"embeddable":true,"href":"http:\/\/www.vivaterr.bzh\/rance-emeraude\/wp-json\/wp\/v2\/comments?post=34"}],"version-history":[{"count":6,"href":"http:\/\/www.vivaterr.bzh\/rance-emeraude\/wp-json\/wp\/v2\/pages\/34\/revisions"}],"predecessor-version":[{"id":245,"href":"http:\/\/www.vivaterr.bzh\/rance-emeraude\/wp-json\/wp\/v2\/pages\/34\/revisions\/245"}],"wp:attachment":[{"href":"http:\/\/www.vivaterr.bzh\/rance-emeraude\/wp-json\/wp\/v2\/media?parent=34"}],"curies":[{"name":"wp","href":"https:\/\/api.w.org\/{rel}","templated":true}]}}